{"id":12026,"date":"2025-12-04T12:51:36","date_gmt":"2025-12-04T12:51:36","guid":{"rendered":"https:\/\/staging.trisuragroup.com\/rapports\/"},"modified":"2025-12-16T16:48:26","modified_gmt":"2025-12-16T16:48:26","slug":"rapports","status":"publish","type":"page","link":"https:\/\/www.trisuragroup.com\/fr\/rapports\/","title":{"rendered":"Rapports"},"content":{"rendered":"\t\t<div data-elementor-type=\"wp-page\" data-elementor-id=\"12026\" class=\"elementor elementor-12026 elementor-11390\">\n\t\t\t\t\t\t<section class=\"elementor-section elementor-top-section elementor-element elementor-element-d96c265 elementor-section-boxed elementor-section-height-default elementor-section-height-default\" data-id=\"d96c265\" data-element_type=\"section\" data-e-type=\"section\">\n\t\t\t\t\t\t<div class=\"elementor-container elementor-column-gap-default\">\n\t\t\t\t\t<div class=\"elementor-column elementor-col-100 elementor-top-column elementor-element elementor-element-c24020f\" data-id=\"c24020f\" data-element_type=\"column\" data-e-type=\"column\">\n\t\t\t<div class=\"elementor-widget-wrap elementor-element-populated\">\n\t\t\t\t\t\t<div class=\"elementor-element elementor-element-34f4d25 elementor-widget elementor-widget-Main Banner\" data-id=\"34f4d25\" data-element_type=\"widget\" data-e-type=\"widget\" data-widget_type=\"Main Banner.default\">\n\t\t\t\t<div class=\"elementor-widget-container\">\n\t\t\t\t\t\n            <div id=\"zone-body\" style=\"margin-top: 0;\" class=\"position-relative\">\n                <div class=\"container-fluid p-0 \">\n                    <div class=\"contact-banner d-none d-xl-block\" style=\"background: url('https:\/\/www.trisuragroup.com\/wp-content\/uploads\/2025\/12\/f3b38c547b9ca8dbce8edb37ea9076e5e930744d-2-scaled.jpg')\"><\/div>\n                    <div class=\"contact-banner d-none d-md-block d-xl-none\" style=\"background: url('https:\/\/www.trisuragroup.com\/wp-content\/uploads\/2025\/12\/f3b38c547b9ca8dbce8edb37ea9076e5e930744d-2-scaled.jpg')\"><\/div>\n                    <div class=\"contact-banner d-md-none\" style=\"background: url('https:\/\/www.trisuragroup.com\/wp-content\/uploads\/2025\/12\/Mask-group-2.png')\"><\/div>\n                <\/div>\n                <h1 class=\"hero-heading text-white\">Rapports<\/h1>\n            <\/div>\n\n        \t\t\t\t<\/div>\n\t\t\t\t<\/div>\n\t\t\t\t\t<\/div>\n\t\t<\/div>\n\t\t\t\t\t<\/div>\n\t\t<\/section>\n\t\t\t\t<section class=\"elementor-section elementor-top-section elementor-element elementor-element-9669109 elementor-section-boxed elementor-section-height-default elementor-section-height-default\" data-id=\"9669109\" data-element_type=\"section\" data-e-type=\"section\">\n\t\t\t\t\t\t<div class=\"elementor-container elementor-column-gap-default\">\n\t\t\t\t\t<div class=\"elementor-column elementor-col-100 elementor-top-column elementor-element elementor-element-280e6d9\" data-id=\"280e6d9\" data-element_type=\"column\" data-e-type=\"column\">\n\t\t\t<div class=\"elementor-widget-wrap\">\n\t\t\t\t\t\t\t<\/div>\n\t\t<\/div>\n\t\t\t\t\t<\/div>\n\t\t<\/section>\n\t\t\t\t<section class=\"elementor-section elementor-top-section elementor-element elementor-element-0ce5a67 elementor-section-boxed elementor-section-height-default elementor-section-height-default\" data-id=\"0ce5a67\" data-element_type=\"section\" data-e-type=\"section\">\n\t\t\t\t\t\t<div class=\"elementor-container elementor-column-gap-default\">\n\t\t\t\t\t<div class=\"elementor-column elementor-col-100 elementor-top-column elementor-element elementor-element-4b7563f\" data-id=\"4b7563f\" data-element_type=\"column\" data-e-type=\"column\">\n\t\t\t<div class=\"elementor-widget-wrap elementor-element-populated\">\n\t\t\t\t\t\t<div class=\"elementor-element elementor-element-8bf6090 elementor-widget elementor-widget-investor_information_widget\" data-id=\"8bf6090\" data-element_type=\"widget\" data-e-type=\"widget\" id=\"investor-information\" data-widget_type=\"investor_information_widget.default\">\n\t\t\t\t<div class=\"elementor-widget-container\">\n\t\t\t\t\t<div class=\"inv-info\"><div class=\"container\"><div class=\"row\"><div class=\"col-12\"><h2>Informations pour les investisseurs<\/h2><\/div><\/div><div class=\"row\"><div class=\"col-12 col-lg-6 first-result\"><h4>R\u00e9sultats du third trimestre 2025<\/h4><ul><li><a href=\"https:\/\/www.trisuragroup.com\/wp-content\/uploads\/2025\/12\/Strong-Growth-in-BVPS-Demonstrates-Consistent-Profitable-Underwriting-and-Increasing-Investment-Income.pdf\" target=\"_blank\">Q3 2025 Earnings Press Release<\/a><\/li><li><a href=\"https:\/\/www.trisuragroup.com\/wp-content\/uploads\/2025\/12\/TGL-Q3-2025-MDA.pdf\" target=\"_blank\">Q3 2025 MD&A <\/a><\/li><li><a href=\"https:\/\/www.trisuragroup.com\/wp-content\/uploads\/2025\/12\/TGL-Q3-2025-Financial-Statements.pdf\" target=\"_blank\">Q3 2025 Financial Statements <\/a><\/li><li><a href=\"https:\/\/www.trisuragroup.com\/wp-content\/uploads\/2025\/12\/TGL-Q3-2025-Financial-Supplement.pdf\" target=\"_blank\">Q3 2025 Financial Supplement<\/a><\/li><li><a href=\"https:\/\/edge.media-server.com\/mmc\/p\/4z7mvr84\/\">Q3 2025 Earnings Conference Call<\/a><\/li><\/ul><\/div><div class=\"col-12 col-lg-6\"><h4>Liens cl\u00e9s<\/h4><ul><li><a href=\"https:\/\/www.trisuragroup.com\/wp-content\/uploads\/2025\/12\/TGL-Q4-2024-Investor-Deck-vF1.pdf\" target=\"_blank\">Investor Presentation<\/a><\/li><li><a href=\"https:\/\/player.vimeo.com\/video\/1090233989\" target=\"_blank\">2025 Investor Day Webcast <\/a><\/li><li><a href=\"https:\/\/www.trisuragroup.com\/wp-content\/uploads\/2025\/12\/TGL-2024-Annual-Information-Form.pdf\" target=\"_blank\">2024 Annual Information Form <\/a><\/li><li><a href=\"https:\/\/www.trisuragroup.com\/wp-content\/uploads\/2025\/12\/2024-Management-Information-Circular-1.pdf\" target=\"_blank\">2024 Management Information Circular<\/a><\/li><li><a href=\"https:\/\/www.trisuragroup.com\/#subscribe-sec\">Register for Email Alerts<\/a><\/li><\/ul><\/div><\/div><\/div><\/div>\t\t\t\t<\/div>\n\t\t\t\t<\/div>\n\t\t\t\t<div class=\"elementor-element elementor-element-8dd8359 elementor-widget elementor-widget-Reports &amp; Filings Widget\" data-id=\"8dd8359\" data-element_type=\"widget\" data-e-type=\"widget\" id=\"quarterly-reports-and-filings\" data-widget_type=\"Reports &amp; Filings Widget.default\">\n\t\t\t\t<div class=\"elementor-widget-container\">\n\t\t\t\t\t        <div class=\"invester-news about-news report-info\">\n            <div class=\"container\">\n                <div class=\"news-cont\">\n                    <div class=\"row\">\n                        <div class=\"col-12 col-lg-8\">\n                            <h1>Rapports trimestriels et documents r\u00e9glementaires<\/h1>\n                        <\/div>\n                                                    <div class=\"col-12 col-lg-4 d-flex\">\n                                <a class=\"btn btn-primary ms-lg-auto\" href=\"https:\/\/www.sedar.com\/DisplayCompanyDocuments.do?lang=EN&issuerNo=00042205\" target=\"_blank\" rel=\"nofollow\"> Voir les d\u00e9p\u00f4ts Sedar<\/a>\n                            <\/div>\n                                            <\/div>\n                    <div class=\"row mx-0 drp-box\">\n                        <div class=\"col-12 px-0\">\n                            <div id=\"filter-form-reports\">\n                                <select id=\"year-reports-filings\" name=\"year\" class=\"filter\">\n                                    <option value=\"2025\">2025<\/option><option value=\"2024\">2024<\/option><option value=\"2023\">2023<\/option><option value=\"2022\">2022<\/option><option value=\"2021\">2021<\/option><option value=\"2020\">2020<\/option><option value=\"2019\">2019<\/option><option value=\"2018\">2018<\/option><option value=\"2017\">2017<\/option>                                <\/select>\n                            <\/div>\n                        <\/div>\n                    <\/div>\n                    <div class=\"loading-container\" style=\"position: relative; min-height: 100px;\">\n                        <div class=\"loading reports-filings-loading\" style=\"display: none;\">\n                            <div class=\"spinner\"><\/div>\n                        <\/div>\n                        <div id=\"response-reports-filings\"><\/div>\n                    <\/div>\n                    <div id=\"pagination-reports-filings\" class=\"pagination d-flex flex-wrap justify-content-between justify-content-md-start align-items-center\"><\/div>\n                    <style>\n                        .reports-filings-loading {\n                            position: absolute;\n                            top: 50%;\n                            left: 50%;\n                            transform: translate(-50%, -50%);\n                            z-index: 999;\n                        }\n                        .reports-filings-loading .spinner {\n                            border: 4px solid #f3f3f3;\n                            border-top: 4px solid #4C9C2E;\n                            border-radius: 50%;\n                            width: 40px;\n                            height: 40px;\n                            animation: spin 1s linear infinite;\n                        }\n                        @keyframes spin {\n                            0% { transform: rotate(0deg); }\n                            100% { transform: rotate(360deg); }\n                        }\n                        .loading-container {\n                            transition: opacity 0.2s ease;\n                        }\n                    <\/style>\n                <\/div>\n            <\/div>\n        <\/div>\n\t\t\t\t<\/div>\n\t\t\t\t<\/div>\n\t\t\t\t\t<\/div>\n\t\t<\/div>\n\t\t\t\t\t<\/div>\n\t\t<\/section>\n\t\t\t\t<section class=\"elementor-section elementor-top-section elementor-element elementor-element-276d872 elementor-section-boxed elementor-section-height-default elementor-section-height-default\" data-id=\"276d872\" data-element_type=\"section\" data-e-type=\"section\">\n\t\t\t\t\t\t<div class=\"elementor-container elementor-column-gap-default\">\n\t\t\t\t\t<div class=\"elementor-column elementor-col-100 elementor-top-column elementor-element elementor-element-ac04155\" data-id=\"ac04155\" data-element_type=\"column\" data-e-type=\"column\">\n\t\t\t<div class=\"elementor-widget-wrap elementor-element-populated\">\n\t\t\t\t\t\t<div class=\"elementor-element elementor-element-8d2c558 elementor-widget elementor-widget-Annual Reports Widget\" data-id=\"8d2c558\" data-element_type=\"widget\" data-e-type=\"widget\" id=\"annual-reports\" data-widget_type=\"Annual Reports Widget.default\">\n\t\t\t\t<div class=\"elementor-widget-container\">\n\t\t\t\t\t\n        <div class=\"trisura-news about-news annual-reports-info\">\n            <div class=\"container\">\n                <div class=\"news-cont\">\n                    <div class=\"row\">\n                        <div class=\"col-12\">\n                            <h1>Rapports annuels<\/h1>\n                        <\/div>\n                    <\/div>\n                    <div class=\"row mx-0 drp-box\">\n                        <div class=\"col-12 px-0\">\n                            <div id=\"filter-form-annual-reports\">\n                                <select id=\"year-annual-reports\" name=\"year-annual-reports\" class=\"filter-year-annual-reports\">                                    \n                                    <option value=\"2024\">2024<\/option><option value=\"2023\">2023<\/option><option value=\"2022\">2022<\/option><option value=\"2021\">2021<\/option><option value=\"2020\">2020<\/option><option value=\"2019\">2019<\/option><option value=\"2018\">2018<\/option><option value=\"2017\">2017<\/option>                                <\/select>\n                            <\/div>\n                        <\/div>\n                    <\/div>\n                    <div class=\"loading-container\" style=\"position: relative; min-height: 100px;\">\n                        <div class=\"loading annual-reports-loading\" style=\"display: block;\">\n                            <div class=\"spinner\"><\/div>\n                        <\/div>\n                        <div id=\"response-annual-reports\"><\/div>\n                    <\/div>\n                    <div id=\"pagination-annual-reports\" class=\"pagination d-flex flex-wrap justify-content-between justify-content-md-start align-items-center\"><\/div>\n                    <style>\n                        .annual-reports-loading {\n                            position: absolute;\n                            top: 50%;\n                            left: 50%;\n                            transform: translate(-50%, -50%);\n                            z-index: 999;\n                        }\n                        .annual-reports-loading .spinner {\n                            border: 4px solid #f3f3f3;\n                            border-top: 4px solid #4C9C2E;\n                            border-radius: 50%;\n                            width: 40px;\n                            height: 40px;\n                            animation: spin 1s linear infinite;\n                        }\n                        @keyframes spin {\n                            0% { transform: rotate(0deg); }\n                            100% { transform: rotate(360deg); }\n                        }\n                        .loading-container {\n                            transition: opacity 0.2s ease;\n                        }\n                    <\/style>\n                <\/div>\n            <\/div>\n        <\/div>\n\t\t\t\t<\/div>\n\t\t\t\t<\/div>\n\t\t\t\t\t<\/div>\n\t\t<\/div>\n\t\t\t\t\t<\/div>\n\t\t<\/section>\n\t\t\t\t<section class=\"elementor-section elementor-top-section elementor-element elementor-element-b8556df elementor-section-boxed elementor-section-height-default elementor-section-height-default\" data-id=\"b8556df\" data-element_type=\"section\" data-e-type=\"section\">\n\t\t\t\t\t\t<div class=\"elementor-container elementor-column-gap-default\">\n\t\t\t\t\t<div class=\"elementor-column elementor-col-100 elementor-top-column elementor-element elementor-element-b8f973e\" data-id=\"b8f973e\" data-element_type=\"column\" data-e-type=\"column\">\n\t\t\t<div class=\"elementor-widget-wrap elementor-element-populated\">\n\t\t\t\t\t\t<div class=\"elementor-element elementor-element-b0f46de elementor-widget elementor-widget-Events Widget\" data-id=\"b0f46de\" data-element_type=\"widget\" data-e-type=\"widget\" id=\"events\" data-widget_type=\"Events Widget.default\">\n\t\t\t\t<div class=\"elementor-widget-container\">\n\t\t\t\t\t\n        <div class=\"invester-news about-news event-info\">\n            <div class=\"container\">\n                <div class=\"news-cont\">\n                    <div class=\"row\">\n                        <div class=\"col-12\">\n                            <h1>\u00c9v\u00e9nements<\/h1>\n                        <\/div>\n                    <\/div>\n                    <div class=\"row mx-0 drp-box\">\n                        <div class=\"col-12 px-0\">\n                            <div id=\"filter-form-events\">\n                                <select id=\"year-events\" name=\"year\" class=\"filter-year-events\">\n                                    <option value=\"all\">Tous les \u00e9v\u00e9nements<\/option>\n                                    <option value=\"past\">\u00c9v\u00e9nements pass\u00e9s<\/option>\n                                    <option value=\"upcoming\">\u00c9v\u00e9nements \u00e0 venir<\/option>\n                                <\/select>\n\n                            <\/div>\n                        <\/div>\n                    <\/div>\n                    <div class=\"loading-container\" style=\"position: relative; min-height: 100px;\">\n                        <div class=\"loading events-loading\" style=\"display: none;\">\n                            <div class=\"spinner\"><\/div>\n                        <\/div>\n                        <div id=\"response-events\"><\/div>\n                    <\/div>\n                    <div id=\"pagination-events\" class=\"pagination d-flex flex-wrap justify-content-between justify-content-md-start align-items-center\"><\/div>\n                    <style>\n                        .events-loading {\n                            position: absolute;\n                            top: 50%;\n                            left: 50%;\n                            transform: translate(-50%, -50%);\n                            z-index: 999;\n                        }\n                        .events-loading .spinner {\n                            border: 4px solid #f3f3f3;\n                            border-top: 4px solid #4C9C2E;\n                            border-radius: 50%;\n                            width: 40px;\n                            height: 40px;\n                            animation: spin 1s linear infinite;\n                        }\n                        @keyframes spin {\n                            0% { transform: rotate(0deg); }\n                            100% { transform: rotate(360deg); }\n                        }\n                        .loading-container {\n                            transition: opacity 0.2s ease;\n                        }\n                    <\/style>\n                <\/div>\n            <\/div>\n        <\/div>\n\t\t\t\t<\/div>\n\t\t\t\t<\/div>\n\t\t\t\t\t<\/div>\n\t\t<\/div>\n\t\t\t\t\t<\/div>\n\t\t<\/section>\n\t\t\t\t<section class=\"elementor-section elementor-top-section elementor-element elementor-element-f278209 elementor-section-boxed elementor-section-height-default elementor-section-height-default\" data-id=\"f278209\" data-element_type=\"section\" data-e-type=\"section\">\n\t\t\t\t\t\t<div class=\"elementor-container elementor-column-gap-default\">\n\t\t\t\t\t<div class=\"elementor-column elementor-col-100 elementor-top-column elementor-element elementor-element-11a4694\" data-id=\"11a4694\" data-element_type=\"column\" data-e-type=\"column\">\n\t\t\t<div class=\"elementor-widget-wrap elementor-element-populated\">\n\t\t\t\t\t\t<div class=\"elementor-element elementor-element-ae24655 elementor-widget elementor-widget-Press Release Widget\" data-id=\"ae24655\" data-element_type=\"widget\" data-e-type=\"widget\" id=\"press-releases\" data-widget_type=\"Press Release Widget.default\">\n\t\t\t\t<div class=\"elementor-widget-container\">\n\t\t\t\t\t\n        <div class=\"trisura-news about-news press-release-info\">\n            <div class=\"container\">\n                <div class=\"news-cont\">\n                    <div class=\"row\">\n                        <div class=\"col-12\">\n                            <h1>Communiqu\u00e9 de presse<\/h1>\n                        <\/div>\n                    <\/div>\n                    <div class=\"row mx-0 drp-box\">\n                        <div class=\"col-12 px-0\">\n                            <div id=\"filter-form-press-release\">\n                                <select id=\"year\" name=\"year\" class=\"filter-year\">\n                                    <option value=\"\">Chaque ann\u00e9e<\/option>\n                                    <option value=\"2026\">2026<\/option><option value=\"2025\">2025<\/option><option value=\"2024\">2024<\/option><option value=\"2023\">2023<\/option><option value=\"2022\">2022<\/option><option value=\"2021\">2021<\/option><option value=\"2020\">2020<\/option><option value=\"2019\">2019<\/option><option value=\"2018\">2018<\/option><option value=\"2017\">2017<\/option>                                <\/select>\n                            <\/div>\n                        <\/div>\n                    <\/div>\n                    <div class=\"loading-container\" style=\"position: relative; min-height: 100px;\">\n                        <div class=\"loading press-release-loading\" style=\"display: block;\">\n                            <div class=\"spinner\"><\/div>\n                        <\/div>\n                        <div id=\"response\"><\/div>\n                    <\/div>\n                    <div id=\"pagination\" class=\"pagination d-flex flex-wrap justify-content-between justify-content-md-start align-items-center\"><\/div>\n                    <style>\n                        .press-release-loading {\n                            position: absolute;\n                            top: 50%;\n                            left: 50%;\n                            transform: translate(-50%, -50%);\n                            z-index: 999;\n                        }\n                        .press-release-loading .spinner {\n                            border: 4px solid #f3f3f3;\n                            border-top: 4px solid #4C9C2E;\n                            border-radius: 50%;\n                            width: 40px;\n                            height: 40px;\n                            animation: spin 1s linear infinite;\n                        }\n                        @keyframes spin {\n                            0% { transform: rotate(0deg); }\n                            100% { transform: rotate(360deg); }\n                        }\n                        .loading-container {\n                            transition: opacity 0.2s ease;\n                        }\n                    <\/style>\n                <\/div>\n            <\/div>\n        <\/div>\n\t\t\t\t<\/div>\n\t\t\t\t<\/div>\n\t\t\t\t\t<\/div>\n\t\t<\/div>\n\t\t\t\t\t<\/div>\n\t\t<\/section>\n\t\t\t\t<\/div>\n\t\t","protected":false},"excerpt":{"rendered":"<p>Rapports Informations pour les investisseurs R\u00e9sultats du third trimestre 2025 Q3 2025 Earnings Press Release Q3 2025 MD&#038;A Q3 2025 Financial Statements Q3 2025 Financial Supplement Q3 2025 Earnings Conference Call Liens cl\u00e9s Investor Presentation 2025 Investor Day Webcast 2024 Annual Information Form 2024 Management Information Circular Register for Email Alerts Rapports trimestriels et documents &hellip; <a href=\"https:\/\/www.trisuragroup.com\/fr\/rapports\/\">Continued<\/a><\/p>\n","protected":false},"author":3,"featured_media":0,"parent":0,"menu_order":0,"comment_status":"closed","ping_status":"closed","template":"","meta":{"footnotes":""},"class_list":["post-12026","page","type-page","status-publish","hentry"],"_links":{"self":[{"href":"https:\/\/www.trisuragroup.com\/fr\/wp-json\/wp\/v2\/pages\/12026","targetHints":{"allow":["GET"]}}],"collection":[{"href":"https:\/\/www.trisuragroup.com\/fr\/wp-json\/wp\/v2\/pages"}],"about":[{"href":"https:\/\/www.trisuragroup.com\/fr\/wp-json\/wp\/v2\/types\/page"}],"author":[{"embeddable":true,"href":"https:\/\/www.trisuragroup.com\/fr\/wp-json\/wp\/v2\/users\/3"}],"replies":[{"embeddable":true,"href":"https:\/\/www.trisuragroup.com\/fr\/wp-json\/wp\/v2\/comments?post=12026"}],"version-history":[{"count":42,"href":"https:\/\/www.trisuragroup.com\/fr\/wp-json\/wp\/v2\/pages\/12026\/revisions"}],"predecessor-version":[{"id":12269,"href":"https:\/\/www.trisuragroup.com\/fr\/wp-json\/wp\/v2\/pages\/12026\/revisions\/12269"}],"wp:attachment":[{"href":"https:\/\/www.trisuragroup.com\/fr\/wp-json\/wp\/v2\/media?parent=12026"}],"curies":[{"name":"wp","href":"https:\/\/api.w.org\/{rel}","templated":true}]}}